{"id":786,"date":"2018-08-30T12:45:46","date_gmt":"2018-08-30T15:45:46","guid":{"rendered":"https:\/\/insmachagai-cha.infd.edu.ar\/sitio\/investigaciones-publicaciones\/"},"modified":"2018-09-01T12:28:36","modified_gmt":"2018-09-01T15:28:36","slug":"investigaciones-publicaciones","status":"publish","type":"page","link":"https:\/\/insmachagai-cha.infd.edu.ar\/sitio\/investigaciones-publicaciones\/","title":{"rendered":"Investigaciones\/publicaciones"},"content":{"rendered":"<p><strong><span style=\"color: #cc6600; font-family: Arial; font-size: medium;\">Ensayos e Investigaciones<\/span><\/strong><\/p>\n<p><span style=\"font-family: Verdana; font-size: small;\">El Instituto est\u00e1 organizando distintas actividades de Investigaci\u00f3n. Las mismas cuentan con la participaci\u00f3n de docentes y especialistas de todas las \u00e1reas.<\/span><\/p>\n<p><span style=\"font-family: Verdana; font-size: small;\">Investigadores de distintas instituciones (Institutos Superiores de Formaci\u00f3n Docente, Universidades y Escuelas)\u00a0<\/span><\/p>\n<p><span style=\"font-family: Verdana; font-size: small;\">Exixten proyectos de investigaci\u00f3n, ensayos y reflexiones sobre diferentes tem\u00e1ticas\u00a0<\/span><\/p>\n<p><span style=\"font-family: Verdana; font-size: small;\"><strong>Aqu\u00ed hay algunas disponibles para la consulta:<\/strong><\/span><\/p>\n<ul>\n<li><span style=\"font-family: Verdana; font-size: small;\"><span style=\"font-family: Verdana; font-size: small;\">Dra. Mar\u00eda Silvana Clerici:\u00a0<\/span><\/span><a title=\"Publicaci\u00f3n Maria Silvana Clerici\" href=\"upload\/Clerici_Mar%EDa_Silvana._An%E1lisis_del_Caso._LNP.doc\" target=\"_blank\" rel=\"noopener\">An\u00e1lisis del Caso \u201cRHD, ALG y PLJ\u201d o \u201cLNP\u201d<\/a><\/li>\n<li><span style=\"font-size: 10pt;\"><span style=\"font-size: 10pt;\">Dra. Mar\u00eda Silvana Clerici:\u00a0<\/span><\/span><a title=\"Profesora Maria Silvana Clerici\" href=\"upload\/Clerici_de_Rovira._Mediaci%F3n_ante_violencia_y_discriminac_i%F3n.docx\" target=\"_blank\" rel=\"noopener\">La Mediaci\u00f3n, \u00bftransformadora de contextos de violencia contra la mujer?\u00a0<\/a><\/li>\n<li><span style=\"font-size: 10pt;\">Dra. Mar\u00eda Silvana Clerici: <a title=\"Dra. Maria Silvana Clerici\" href=\"upload\/Clerici_de_Rovira._El_escribano_mediador_sus_t%E9rminos1.pdf\" target=\"_blank\" rel=\"noopener\">El Escribano Mediador<\/a><\/span><\/li>\n<\/ul>\n","protected":false},"excerpt":{"rendered":"<p>Ensayos e Investigaciones El Instituto est\u00e1 organizando distintas actividades de Investigaci\u00f3n. Las mismas cuentan con la participaci\u00f3n de docentes y especialistas de todas las \u00e1reas. Investigadores de distintas instituciones (Institutos Superiores de Formaci\u00f3n Docente, Universidades y Escuelas)\u00a0 Exixten proyectos de investigaci\u00f3n, ensayos y reflexiones sobre diferentes tem\u00e1ticas\u00a0 Aqu\u00ed hay algunas disponibles para la consulta: Dra. &#8230; <a title=\"Investigaciones\/publicaciones\" class=\"read-more\" href=\"https:\/\/insmachagai-cha.infd.edu.ar\/sitio\/investigaciones-publicaciones\/\" aria-label=\"More on Investigaciones\/publicaciones\">[+]<\/a><\/p>\n","protected":false},"author":1034,"featured_media":0,"parent":0,"menu_order":0,"comment_status":"closed","ping_status":"closed","template":"","meta":[],"acf":[],"_links":{"self":[{"href":"https:\/\/insmachagai-cha.infd.edu.ar\/sitio\/wp-json\/wp\/v2\/pages\/786"}],"collection":[{"href":"https:\/\/insmachagai-cha.infd.edu.ar\/sitio\/wp-json\/wp\/v2\/pages"}],"about":[{"href":"https:\/\/insmachagai-cha.infd.edu.ar\/sitio\/wp-json\/wp\/v2\/types\/page"}],"author":[{"embeddable":true,"href":"https:\/\/insmachagai-cha.infd.edu.ar\/sitio\/wp-json\/wp\/v2\/users\/1034"}],"replies":[{"embeddable":true,"href":"https:\/\/insmachagai-cha.infd.edu.ar\/sitio\/wp-json\/wp\/v2\/comments?post=786"}],"version-history":[{"count":2,"href":"https:\/\/insmachagai-cha.infd.edu.ar\/sitio\/wp-json\/wp\/v2\/pages\/786\/revisions"}],"predecessor-version":[{"id":831,"href":"https:\/\/insmachagai-cha.infd.edu.ar\/sitio\/wp-json\/wp\/v2\/pages\/786\/revisions\/831"}],"wp:attachment":[{"href":"https:\/\/insmachagai-cha.infd.edu.ar\/sitio\/wp-json\/wp\/v2\/media?parent=786"}],"curies":[{"name":"wp","href":"https:\/\/api.w.org\/{rel}","templated":true}]}}