{"id":782,"date":"2018-08-30T12:45:44","date_gmt":"2018-08-30T15:45:44","guid":{"rendered":"https:\/\/insmachagai-cha.infd.edu.ar\/sitio\/profesorado-en-ciencias-politicas-cerrada-la-inscripcion-a-primer-ano\/"},"modified":"2021-12-07T20:54:57","modified_gmt":"2021-12-07T23:54:57","slug":"profesorado-en-ciencias-politicas-cerrada-la-inscripcion-a-primer-ano","status":"publish","type":"page","link":"https:\/\/insmachagai-cha.infd.edu.ar\/sitio\/profesorado-en-ciencias-politicas-cerrada-la-inscripcion-a-primer-ano\/","title":{"rendered":"Profesorado en Ciencias Pol\u00edticas (cerrada la inscripci\u00f3n a primer a\u00f1o)"},"content":{"rendered":"<p style=\"text-align: center;\"><span style=\"font-size: 12pt;\"><span style=\"color: #800000;\"><strong>El profesorado En Ciencias pol\u00edticas, otorga el T\u00edtulo de Profesor para EGB 3 y polimodal en Ciencias Pol\u00edticas<\/strong><\/span><\/span><\/p>\n<p style=\"text-align: center;\"><span style=\"font-size: 12pt;\"><span style=\"color: #800000;\"><strong><span style=\"font-size: 14pt;\">Para mayor informaci\u00f3n , accede a las secciones de esta p\u00e1gina, como por ejemplo, <a title=\"Plan de estudios del profesorafo en Ciencias Pol\u00edticas\" href=\"index.cgi?wid_item=6&amp;wid_seccion=3\">plan de estudios<\/a><\/span><\/strong><\/span><\/span><\/p>\n<p style=\"text-align: center;\"><span style=\"font-size: 12pt;\"><span style=\"color: #800000;\"><strong><span style=\"font-size: 14pt;\">********<\/span><\/strong><\/span><\/span><\/p>\n<p style=\"text-align: center;\">\n<p style=\"text-align: center;\">\n<p style=\"text-align: center;\"><strong><span style=\"font-size: 12pt;\"><span style=\"color: #000000;\">Aunque no te ocupes de la pol\u00edtica, ella se ocupar\u00e1 de ti.<\/span><\/span><\/strong><\/p>\n<p style=\"text-align: center;\"><span style=\"color: #000080;\"><strong><span style=\"font-size: 12pt;\"><span style=\"color: #000000;\">Ives Montand\u00a0<\/span><\/span><\/strong><\/span><\/p>\n<p style=\"text-align: center;\">\n<p style=\"text-align: center;\"><img decoding=\"async\" title=\"jpg\" src=\"https:\/\/insmachagai-cha.infd.edu.ar\/sitio\/wp-content\/uploads\/2018\/08\/diadelaconstitucionnacional1.jpg\" alt=\"jpg\" border=\"0\" \/><\/p>\n<p style=\"text-align: center;\"><strong><span style=\"font-size: 14pt;\"><span style=\"color: #000000;\">Sin democracia la libertad es una quimera.<br \/>\n<\/span><\/span><span style=\"font-size: 12pt;\"><span style=\"color: #000080;\">Octavio Paz\u00a0<\/span><\/span><\/strong><\/p>\n<p style=\"text-align: center;\">\n","protected":false},"excerpt":{"rendered":"<p>El profesorado En Ciencias pol\u00edticas, otorga el T\u00edtulo de Profesor para EGB 3 y polimodal en Ciencias Pol\u00edticas Para mayor informaci\u00f3n , accede a las secciones de esta p\u00e1gina, como por ejemplo, plan de estudios ******** Aunque no te ocupes de la pol\u00edtica, ella se ocupar\u00e1 de ti. Ives Montand\u00a0 Sin democracia la libertad es &#8230; <a title=\"Profesorado en Ciencias Pol\u00edticas (cerrada la inscripci\u00f3n a primer a\u00f1o)\" class=\"read-more\" href=\"https:\/\/insmachagai-cha.infd.edu.ar\/sitio\/profesorado-en-ciencias-politicas-cerrada-la-inscripcion-a-primer-ano\/\" aria-label=\"More on Profesorado en Ciencias Pol\u00edticas (cerrada la inscripci\u00f3n a primer a\u00f1o)\">[+]<\/a><\/p>\n","protected":false},"author":1034,"featured_media":0,"parent":0,"menu_order":0,"comment_status":"closed","ping_status":"closed","template":"","meta":[],"acf":[],"_links":{"self":[{"href":"https:\/\/insmachagai-cha.infd.edu.ar\/sitio\/wp-json\/wp\/v2\/pages\/782"}],"collection":[{"href":"https:\/\/insmachagai-cha.infd.edu.ar\/sitio\/wp-json\/wp\/v2\/pages"}],"about":[{"href":"https:\/\/insmachagai-cha.infd.edu.ar\/sitio\/wp-json\/wp\/v2\/types\/page"}],"author":[{"embeddable":true,"href":"https:\/\/insmachagai-cha.infd.edu.ar\/sitio\/wp-json\/wp\/v2\/users\/1034"}],"replies":[{"embeddable":true,"href":"https:\/\/insmachagai-cha.infd.edu.ar\/sitio\/wp-json\/wp\/v2\/comments?post=782"}],"version-history":[{"count":1,"href":"https:\/\/insmachagai-cha.infd.edu.ar\/sitio\/wp-json\/wp\/v2\/pages\/782\/revisions"}],"predecessor-version":[{"id":1965,"href":"https:\/\/insmachagai-cha.infd.edu.ar\/sitio\/wp-json\/wp\/v2\/pages\/782\/revisions\/1965"}],"wp:attachment":[{"href":"https:\/\/insmachagai-cha.infd.edu.ar\/sitio\/wp-json\/wp\/v2\/media?parent=782"}],"curies":[{"name":"wp","href":"https:\/\/api.w.org\/{rel}","templated":true}]}}