{"id":286,"date":"2016-10-31T13:17:59","date_gmt":"2016-10-31T16:17:59","guid":{"rendered":"https:\/\/insmachagai-cha.infd.edu.ar\/sitio\/?page_id=286"},"modified":"2023-03-06T17:08:35","modified_gmt":"2023-03-06T20:08:35","slug":"inicio","status":"publish","type":"page","link":"https:\/\/insmachagai-cha.infd.edu.ar\/sitio\/","title":{"rendered":""},"content":{"rendered":"<h1 style=\"text-align: center;\">\u00a0 \u00a0 \u00a0 \u00a0 \u00a0 \u00a0<img decoding=\"async\" loading=\"lazy\" class=\"alignnone size-full wp-image-752\" src=\"https:\/\/insmachagai-cha.infd.edu.ar\/sitio\/wp-content\/uploads\/2018\/08\/logo_sitio.gif\" alt=\"\" width=\"203\" height=\"69\" \/>\u00a0 \u00a0 \u00a0 \u00a0 \u00a0 \u00a0<\/h1>\n<h1 style=\"text-align: center;\"><span style=\"color: #000080;\">INSTITUTO DE EDUCACION SUPERIOR MACHAGAI<\/span><\/h1>\n<h2 style=\"text-align: center;\">Ministerio de Educaci\u00f3n, Cultura, Ciencia y Tecnolog\u00eda<\/h2>\n<h2 style=\"text-align: center;\">-Provincia del Chaco-<\/h2>\n<p style=\"text-align: justify;\"><span style=\"font-size: 10pt; color: black; font-family: Verdana;\" data-mce-mark=\"1\">El Instituto de Educaci\u00f3n Superior de Machagai est\u00e1 orientado a la formaci\u00f3n\u00a0y capacitaci\u00f3n de docentes y t\u00e9cnicos profesionales, y<\/span><span style=\"font-size: 10pt; color: black; font-family: Verdana;\" data-mce-mark=\"1\">\u00a0forma parte del sistema de educaci\u00f3n p\u00fablica de gesti\u00f3n estatal.<\/span><\/p>\n<p style=\"text-align: justify;\"><span style=\"font-size: 10pt; color: black; font-family: Verdana;\">A trav\u00e9s de este sitio en Internet, nuestro Instituto podr\u00e1 comunicar novedades, acercar informaci\u00f3n, compartir experiencias y brindar apoyo y asesoramiento a\u00a0alumnos, docentes e interesados en formar parte de esta comunidad educativa.<\/span><\/p>\n<p style=\"text-align: justify;\"><span style=\"font-size: 10pt; color: black; font-family: Verdana;\" data-mce-mark=\"1\">El Instituto de Educaci\u00f3n Superior de Machagai est\u00e1 orientado a la formaci\u00f3n\u00a0y capacitaci\u00f3n de docentes y t\u00e9cnicos profesionales, y<\/span><span style=\"font-size: 10pt; color: black; font-family: Verdana;\" data-mce-mark=\"1\">\u00a0forma parte del sistema de educaci\u00f3n p\u00fablica de gesti\u00f3n estatal.<\/span><\/p>\n<p style=\"text-align: justify;\"><span style=\"font-size: 10pt; color: black; font-family: Verdana;\">A trav\u00e9s de este sitio en Internet, nuestro Instituto podr\u00e1 comunicar novedades, acercar informaci\u00f3n, compartir experiencias y brindar apoyo y asesoramiento a\u00a0alumnos, docentes e interesados en formar parte de esta comunidad educativa.<\/span><\/p>\n<p>Las normas detalladas a continuaci\u00f3n tienen la finalidad de contribuir a la formaci\u00f3n integral de nuestros\/as alumnos\/as e incentivar el desarrollo de la responsabilidad y la solidaridad. El apoyo y respeto a las mismas garantiza una coexistencia institucional arm\u00f3nica como base para lograr un aprendizaje de calidad y preservar la seguridad de nuestros estudiantes.<\/p>\n<p>En los siguientes enlaces podr\u00e1n descargar los respectivos reglamentos de convivencia<\/p>\n<p>REGLAMENTO GENERAL DEL INSTITUTO:\u00a0<a href=\"https:\/\/insmachagai-cha.infd.edu.ar\/sitio\/wp-content\/uploads\/2023\/03\/REGIMEN-DE-CONVIVENCIA-INSTITUCIONAL-IES-Machagai-1.pdf\">R\u00c9GIMEN DE CONVIVENCIA INSTITUCIONAL IES Machagai (1)<\/a><\/p>\n<p>REGLAMENTO DEL PROFESORADO DE EDUCACION FISICA: <a href=\"https:\/\/insmachagai-cha.infd.edu.ar\/sitio\/wp-content\/uploads\/2023\/03\/REGLAMENTO-EDUCACION-FISICA-IES-MACHAGAI.pdf\">REGLAMENTO EDUCACION FISICA IES MACHAGAI<\/a><\/p>\n<h1 style=\"text-align: center;\">El Instituto cuenta con las siguientes carreras:<\/h1>\n<p><strong><span style=\"color: #000080;\">CARRERAS DOCENTES:\u00a0<\/span><\/strong><\/p>\n<p><strong>PROFESORADO PARA EL NIVEL SECUNDARIO EN CIENCIAS DE LA ADMINISTRACI\u00d3N <\/strong><\/p>\n<p><a href=\"https:\/\/docs.google.com\/document\/d\/1Lksydj7SUHMhnnpma49bmlLlWXLllkm_PiBihBn_dms\/edit?usp=sharing\">Plan de estudios de Ciencias de la Administraci\u00f3n<\/a>\u00a0<\/p>\n<p><a href=\"https:\/\/drive.google.com\/file\/d\/1MbhdXTewyIChBhbhngCVZsTF1QJGXLX1\/view?usp=sharing\">Dise\u00f1o de Cs. de la administraci\u00f3n nuevo\u00a0<\/a><\/p>\n<p>R\u00e9gimen de correlatividad: &#8212;&#8212;<\/p>\n<p><strong>PROFESORADO PARA EL NIVEL SECUNDARIO EN GEOGRAF\u00cdA <\/strong><\/p>\n<p><a href=\"https:\/\/insmachagai-cha.infd.edu.ar\/sitio\/wp-content\/uploads\/2020\/09\/RESOLUCION-06566-14Dise\u00f1o-Geografia-1.pdf\">RESOLUCION-06566-14Dise\u00f1o Geografia (1)<\/a><\/p>\n<p>R\u00e9gimen de correlatividad: <a href=\"https:\/\/insmachagai-cha.infd.edu.ar\/sitio\/wp-content\/uploads\/2021\/03\/RESOLUCION-02036-16-Correlatividad-geografia-2.pdf\">RESOLUCION-02036-16 Correlatividad geografia (2)<\/a><\/p>\n<p><strong>PROFESORADO PARA EL NIVEL SECUNDARIO DE HISTORIA <\/strong><\/p>\n<p><a href=\"https:\/\/insmachagai-cha.infd.edu.ar\/sitio\/wp-content\/uploads\/2020\/09\/DC-HISTORIA-dic.pdf\">DC HISTORIA dic<\/a><\/p>\n<p>R\u00e9gimen de correlatividad: <a href=\"https:\/\/insmachagai-cha.infd.edu.ar\/sitio\/wp-content\/uploads\/2021\/03\/RES-2029-16-Correlatividades-Historia.pdf\">RES- 2029-16 Correlatividades Historia<\/a><\/p>\n<p><strong>PROFESORADO DE INGLES <\/strong><\/p>\n<p><a href=\"https:\/\/insmachagai-cha.infd.edu.ar\/sitio\/wp-content\/uploads\/2020\/09\/DISE_O_CHACO.Profesorado_de_Ingl_s._4_a_os.Version_final-final.pdf\">DISE_O_CHACO.Profesorado_de_Ingl_s._4_a_os.Version_final-final<\/a><\/p>\n<p>R\u00e9gimen de correlatividad:<a href=\"https:\/\/insmachagai-cha.infd.edu.ar\/sitio\/wp-content\/uploads\/2021\/03\/RES.-4494-16-Correlatividades-Ingl\u00e9s-Secundario.pdf\">RES. 4494-16 Correlatividades Ingl\u00e9s Secundario<\/a><\/p>\n<p><strong>PROFESORADO PARA EL NIVEL SECUNDARIO EN LENGUA Y LITERATURA <\/strong><\/p>\n<p><a href=\"https:\/\/insmachagai-cha.infd.edu.ar\/sitio\/wp-content\/uploads\/2020\/09\/RESOLUCION-06565-14Dis\u00f1o-Lengua-y-Lit.pdf\">RESOLUCION-06565-14Dis\u00f1o Lengua y Lit<\/a><\/p>\n<p>R\u00e9gimen de correlatividad: <a href=\"https:\/\/insmachagai-cha.infd.edu.ar\/sitio\/wp-content\/uploads\/2021\/03\/RESOLUCION-N\u00ba-07758-17-Correlatividades-lengua-ultima-1.pdf\">RESOLUCION N\u00ba 07758-17 Correlatividades lengua ultima (1)<\/a><\/p>\n<p><strong>PROFESORADO PARA EL NIVEL SECUNDARIO EN MATEMATICA<\/strong><\/p>\n<p><a href=\"https:\/\/insmachagai-cha.infd.edu.ar\/sitio\/wp-content\/uploads\/2020\/09\/DC-MATEMaTICA.pdf\">DC MATEMaTICA<\/a><\/p>\n<p>R\u00e9gimen de correlatividad: <a href=\"https:\/\/insmachagai-cha.infd.edu.ar\/sitio\/wp-content\/uploads\/2021\/03\/RES.-2032-16-Correlatividades-Matem\u00e1tica.pdf\">RES. 2032-16 Correlatividades Matem\u00e1tica<\/a><\/p>\n<p><strong><span style=\"color: #000080;\">TECNICATURAS:<\/span><\/strong><\/p>\n<p><strong>TECNICATURA SUPERIOR EN DESARROLLO DE SOFTWARE<\/strong><\/p>\n<p><a href=\"https:\/\/insmachagai-cha.infd.edu.ar\/sitio\/wp-content\/uploads\/2020\/09\/Dise\u00f1o-Curricular-Tecnicatura-Superior-en-Software-V2-PF.pdf\">Dise\u00f1o Curricular &#8211; Tecnicatura Superior en Software (V2 PF)<\/a><\/p>\n<p><strong>TECNICATURA SUPERIOR EN BROMATOLOG\u00cdA <\/strong><\/p>\n<p><a href=\"https:\/\/insmachagai-cha.infd.edu.ar\/sitio\/wp-content\/uploads\/2020\/09\/5-DISE\u00d1O_CURRICULAR_BROMATOLOGIA_2014.pdf\">5-DISE\u00d1O_CURRICULAR_BROMATOLOGIA_2014<\/a><\/p>\n<p><strong><span style=\"color: #000080;\">CARRRERAS EN CIERRE:<\/span><\/strong><\/p>\n<p>PROFESORADO PARA EL NIVEL SECUNDARIO EN BIOLOG\u00cdA (Cerrada en su totalidad)<\/p>\n<p>PROFESORADO PARA EL NIVEL SECUNDARIO EN CIENCIAS POLITICAS (Cerrada en su totalidad)<\/p>\n<p>PROFESORADO PARA EL NIVEL PRIMARIO\u00a0(Cerrada en su totalidad)<\/p>\n<p>PROFESORADO PARA EL NIVEL INICIAL\u00a0(Cerrada en su totalidad)<\/p>\n<p>TECNICATURA SUPERIOR EN TRABAJO SOCIAL\u00a0(Cerrada en su totalidad)<\/p>\n<p>TECNICATURA SUPERIOR EN ECONOM\u00cdA SOCIAL Y DESARROLLO LOCAL (En cierre, funcionando en anexo de Colonia Aborigen)<\/p>\n<p>TECNICATURA SUPERIOR EN SEGURIDAD E HIGIENE INDUSTRIAL\u00a0(Cerrada en su totalidad)<\/p>\n","protected":false},"excerpt":{"rendered":"<p>\u00a0 \u00a0 \u00a0 \u00a0 \u00a0 \u00a0\u00a0 \u00a0 \u00a0 \u00a0 \u00a0 \u00a0 INSTITUTO DE EDUCACION SUPERIOR MACHAGAI Ministerio de Educaci\u00f3n, Cultura, Ciencia y Tecnolog\u00eda -Provincia del Chaco- El Instituto de Educaci\u00f3n Superior de Machagai est\u00e1 orientado a la formaci\u00f3n\u00a0y capacitaci\u00f3n de docentes y t\u00e9cnicos profesionales, y\u00a0forma parte del sistema de educaci\u00f3n p\u00fablica de gesti\u00f3n estatal. A &#8230; <a title=\"\" class=\"read-more\" href=\"https:\/\/insmachagai-cha.infd.edu.ar\/sitio\/\" aria-label=\"More on \">[+]<\/a><\/p>\n","protected":false},"author":1,"featured_media":0,"parent":0,"menu_order":0,"comment_status":"closed","ping_status":"closed","template":"","meta":[],"acf":[],"_links":{"self":[{"href":"https:\/\/insmachagai-cha.infd.edu.ar\/sitio\/wp-json\/wp\/v2\/pages\/286"}],"collection":[{"href":"https:\/\/insmachagai-cha.infd.edu.ar\/sitio\/wp-json\/wp\/v2\/pages"}],"about":[{"href":"https:\/\/insmachagai-cha.infd.edu.ar\/sitio\/wp-json\/wp\/v2\/types\/page"}],"author":[{"embeddable":true,"href":"https:\/\/insmachagai-cha.infd.edu.ar\/sitio\/wp-json\/wp\/v2\/users\/1"}],"replies":[{"embeddable":true,"href":"https:\/\/insmachagai-cha.infd.edu.ar\/sitio\/wp-json\/wp\/v2\/comments?post=286"}],"version-history":[{"count":132,"href":"https:\/\/insmachagai-cha.infd.edu.ar\/sitio\/wp-json\/wp\/v2\/pages\/286\/revisions"}],"predecessor-version":[{"id":2521,"href":"https:\/\/insmachagai-cha.infd.edu.ar\/sitio\/wp-json\/wp\/v2\/pages\/286\/revisions\/2521"}],"wp:attachment":[{"href":"https:\/\/insmachagai-cha.infd.edu.ar\/sitio\/wp-json\/wp\/v2\/media?parent=286"}],"curies":[{"name":"wp","href":"https:\/\/api.w.org\/{rel}","templated":true}]}}